{"id":12705,"date":"2024-11-06T12:47:38","date_gmt":"2024-11-06T11:47:38","guid":{"rendered":"https:\/\/www.hotelgalileoroma.it\/contatti\/"},"modified":"2025-02-11T12:20:23","modified_gmt":"2025-02-11T11:20:23","slug":"contactos","status":"publish","type":"page","link":"https:\/\/www.hotelgalileoroma.it\/es\/contactos\/","title":{"rendered":"Contactos"},"content":{"rendered":"\t\t<div data-elementor-type=\"wp-page\" data-elementor-id=\"12705\" class=\"elementor elementor-12705\">\n\t\t\t\t<div class=\"elementor-element elementor-element-3746616 e-con-full e-flex e-con e-parent\" data-id=\"3746616\" data-element_type=\"container\" data-e-type=\"container\">\n\t\t<div class=\"elementor-element elementor-element-0fd19ab e-con-full e-flex e-con e-child\" data-id=\"0fd19ab\" data-element_type=\"container\" data-e-type=\"container\">\n\t\t\t\t<div class=\"elementor-element elementor-element-c508973 elementor-widget elementor-widget-google_maps\" data-id=\"c508973\" data-element_type=\"widget\" data-e-type=\"widget\" data-widget_type=\"google_maps.default\">\n\t\t\t\t<div class=\"elementor-widget-container\">\n\t\t\t\t\t\t\t<div class=\"elementor-custom-embed\">\n\t\t\t<iframe loading=\"lazy\"\n\t\t\t\t\tsrc=\"https:\/\/maps.google.com\/maps?q=Via%20Palestro%2C%2033%20-%2000185%20Roma&#038;t=m&#038;z=18&#038;output=embed&#038;iwloc=near\"\n\t\t\t\t\ttitle=\"Via Palestro, 33 - 00185 Roma\"\n\t\t\t\t\taria-label=\"Via Palestro, 33 - 00185 Roma\"\n\t\t\t><\/iframe>\n\t\t<\/div>\n\t\t\t\t\t\t<\/div>\n\t\t\t\t<\/div>\n\t\t\t\t<\/div>\n\t\t\t\t<\/div>\n\t\t<div class=\"elementor-element elementor-element-50765ec e-con-full e-flex e-con e-parent\" data-id=\"50765ec\" data-element_type=\"container\" data-e-type=\"container\">\n\t\t<div class=\"elementor-element elementor-element-429905e e-flex e-con-boxed e-con e-child\" data-id=\"429905e\" data-element_type=\"container\" data-e-type=\"container\">\n\t\t\t\t\t<div class=\"e-con-inner\">\n\t\t<div class=\"elementor-element elementor-element-297408a e-con-full e-flex e-con e-child\" data-id=\"297408a\" data-element_type=\"container\" data-e-type=\"container\">\n\t\t\t\t<div class=\"elementor-element elementor-element-63e230b elementor-widget elementor-widget-kinsley-section-heading-two\" data-id=\"63e230b\" data-element_type=\"widget\" data-e-type=\"widget\" data-widget_type=\"kinsley-section-heading-two.default\">\n\t\t\t\t<div class=\"elementor-widget-container\">\n\t\t\t\t\t\n\t\t\t\t<div class=\"knsl-subtitle-two knsl-mb-20\">\n\t\t\t<span >\n\t\t\t\tCONTACTOS\t\t\t<\/span>\n\t\t<\/div>\n\t\t\t\t\t\t<h1 class=\"knsl-title-two knsl-mb-30\">\n\t\t\t<span >\n\t\t\t\tDonde estamos\t\t\t<\/span>\n\t\t<\/h1>\n\t\t\t\t\t\t<div class=\"knsl-description-two\">\n\t\t\t<div >\n\t\t\t\tEstamos a su disposici\u00f3n para cualquier duda o petici\u00f3n. \u00a1Cont\u00e1ctanos y haz que tu estancia sea perfecta incluso antes de llegar!\t\t\t<\/div>\n\t\t<\/div>\n\t\t\n\t\t\t\t\t\t<\/div>\n\t\t\t\t<\/div>\n\t\t\t\t<div class=\"elementor-element elementor-element-c6e1f91 elementor-widget elementor-widget-heading\" data-id=\"c6e1f91\" data-element_type=\"widget\" data-e-type=\"widget\" data-widget_type=\"heading.default\">\n\t\t\t\t<div class=\"elementor-widget-container\">\n\t\t\t\t\t<h4 class=\"elementor-heading-title elementor-size-default\">Direcci\u00f2n<\/h4>\t\t\t\t<\/div>\n\t\t\t\t<\/div>\n\t\t\t\t<div class=\"elementor-element elementor-element-6e916b9 elementor-widget elementor-widget-text-editor\" data-id=\"6e916b9\" data-element_type=\"widget\" data-e-type=\"widget\" data-widget_type=\"text-editor.default\">\n\t\t\t\t<div class=\"elementor-widget-container\">\n\t\t\t\t\t\t\t\t\t<p>Via Palestro 33<br \/>00185 Roma<\/p>\t\t\t\t\t\t\t\t<\/div>\n\t\t\t\t<\/div>\n\t\t\t\t<div class=\"elementor-element elementor-element-ad8c140 elementor-widget elementor-widget-heading\" data-id=\"ad8c140\" data-element_type=\"widget\" data-e-type=\"widget\" data-widget_type=\"heading.default\">\n\t\t\t\t<div class=\"elementor-widget-container\">\n\t\t\t\t\t<h4 class=\"elementor-heading-title elementor-size-default\">Tel\u00e9fono<\/h4>\t\t\t\t<\/div>\n\t\t\t\t<\/div>\n\t\t\t\t<div class=\"elementor-element elementor-element-abfeb0d elementor-widget elementor-widget-text-editor\" data-id=\"abfeb0d\" data-element_type=\"widget\" data-e-type=\"widget\" data-widget_type=\"text-editor.default\">\n\t\t\t\t<div class=\"elementor-widget-container\">\n\t\t\t\t\t\t\t\t\t<p><a href=\"tel:+39064441205\">+39 06 444 1205<\/a><\/p>\t\t\t\t\t\t\t\t<\/div>\n\t\t\t\t<\/div>\n\t\t\t\t<div class=\"elementor-element elementor-element-fa707ff elementor-widget elementor-widget-text-editor\" data-id=\"fa707ff\" data-element_type=\"widget\" data-e-type=\"widget\" data-widget_type=\"text-editor.default\">\n\t\t\t\t<div class=\"elementor-widget-container\">\n\t\t\t\t\t\t\t\t\t<p><a href=\"tel:+39064441206\">+39 06 444 1206<\/a><\/p>\t\t\t\t\t\t\t\t<\/div>\n\t\t\t\t<\/div>\n\t\t\t\t<div class=\"elementor-element elementor-element-2f0b6af elementor-widget elementor-widget-heading\" data-id=\"2f0b6af\" data-element_type=\"widget\" data-e-type=\"widget\" data-widget_type=\"heading.default\">\n\t\t\t\t<div class=\"elementor-widget-container\">\n\t\t\t\t\t<h4 class=\"elementor-heading-title elementor-size-default\">E-mail<\/h4>\t\t\t\t<\/div>\n\t\t\t\t<\/div>\n\t\t\t\t<div class=\"elementor-element elementor-element-433fab2 elementor-widget elementor-widget-text-editor\" data-id=\"433fab2\" data-element_type=\"widget\" data-e-type=\"widget\" data-widget_type=\"text-editor.default\">\n\t\t\t\t<div class=\"elementor-widget-container\">\n\t\t\t\t\t\t\t\t\t<p><a href=\"mailto:info@hotelgalileoroma.it\">info@hotelgalileoroma.it<\/a><\/p>\t\t\t\t\t\t\t\t<\/div>\n\t\t\t\t<\/div>\n\t\t\t\t<\/div>\n\t\t<div class=\"elementor-element elementor-element-ea9eb2d e-con-full e-flex e-con e-child\" data-id=\"ea9eb2d\" data-element_type=\"container\" data-e-type=\"container\">\n\t\t\t\t<\/div>\n\t\t<div class=\"elementor-element elementor-element-95688d5 e-con-full e-flex e-con e-child\" data-id=\"95688d5\" data-element_type=\"container\" data-e-type=\"container\">\n\t\t\t\t<div class=\"elementor-element elementor-element-a19bcbd elementor-widget elementor-widget-shortcode\" data-id=\"a19bcbd\" data-element_type=\"widget\" data-e-type=\"widget\" data-widget_type=\"shortcode.default\">\n\t\t\t\t<div class=\"elementor-widget-container\">\n\t\t\t\t\t\t\t<div class=\"elementor-shortcode\">\n<div class=\"wpcf7 no-js\" id=\"wpcf7-f12750-o1\" lang=\"en-US\" dir=\"ltr\" data-wpcf7-id=\"12750\">\n<div class=\"screen-reader-response\"><p role=\"status\" aria-live=\"polite\" aria-atomic=\"true\"><\/p> <ul><\/ul><\/div>\n<form action=\"\/es\/wp-json\/wp\/v2\/pages\/12705#wpcf7-f12750-o1\" method=\"post\" class=\"wpcf7-form init\" aria-label=\"Contact form\" novalidate=\"novalidate\" data-status=\"init\">\n<fieldset class=\"hidden-fields-container\"><input type=\"hidden\" name=\"_wpcf7\" value=\"12750\" \/><input type=\"hidden\" name=\"_wpcf7_version\" value=\"6.1.5\" \/><input type=\"hidden\" name=\"_wpcf7_locale\" value=\"en_US\" \/><input type=\"hidden\" name=\"_wpcf7_unit_tag\" value=\"wpcf7-f12750-o1\" \/><input type=\"hidden\" name=\"_wpcf7_container_post\" value=\"0\" \/><input type=\"hidden\" name=\"_wpcf7_posted_data_hash\" value=\"\" \/><input type=\"hidden\" name=\"_wpcf7_recaptcha_response\" value=\"\" \/>\n<\/fieldset>\n<div class=\"row\">\n  <div class=\"col-lg-6 knsl-mb-10\">\n    <label class=\"knsl-two-label\">Nombre y Apellidos <strong>*<\/strong><\/label>\n    <span class=\"wpcf7-form-control-wrap\" data-name=\"cf-name\"><input size=\"40\" maxlength=\"400\" class=\"wpcf7-form-control wpcf7-text wpcf7-validates-as-required\" aria-required=\"true\" aria-invalid=\"false\" placeholder=\"Nombre y Apellidos\" value=\"\" type=\"text\" name=\"cf-name\" \/><\/span>\n  <\/div>\n  <div class=\"col-lg-6 knsl-mb-10\">\n    <label class=\"knsl-two-label\">Direcci\u00f3n de correo electr\u00f3nico <strong>*<\/strong><\/label>\n    <span class=\"wpcf7-form-control-wrap\" data-name=\"cf-email\"><input size=\"40\" maxlength=\"400\" class=\"wpcf7-form-control wpcf7-email wpcf7-validates-as-required wpcf7-text wpcf7-validates-as-email\" aria-required=\"true\" aria-invalid=\"false\" placeholder=\"Direcci\u00f3n de correo electr\u00f3nico\" value=\"\" type=\"email\" name=\"cf-email\" \/><\/span>\n  <\/div>\n  <div class=\"col-lg-12 knsl-mb-10\">\n    <label class=\"knsl-two-label\">Texto del mensaje <strong>*<\/strong><\/label>\n    <span class=\"wpcf7-form-control-wrap\" data-name=\"cf-message\"><textarea cols=\"40\" rows=\"5\" maxlength=\"2000\" class=\"wpcf7-form-control wpcf7-textarea wpcf7-validates-as-required\" aria-required=\"true\" aria-invalid=\"false\" placeholder=\"Texto del mensaje\" name=\"cf-message\"><\/textarea><\/span>\n  <\/div>\n  <div class=\"col-lg-12 knsl-mb-40\">\n    <span class=\"wpcf7-form-control-wrap\" data-name=\"privacy_policy\"><span class=\"wpcf7-form-control wpcf7-acceptance\"><span class=\"wpcf7-list-item\"><label><input type=\"checkbox\" name=\"privacy_policy\" value=\"1\" class=\"privacy_policy\" aria-invalid=\"false\" \/><span class=\"wpcf7-list-item-label\"><a href=\"https:\/\/www.hotelgalileoroma.it\/policy\/privacy_es.php\" class=\"policy\" target=\"_blank\">Doy mi consentimiento para el tratamiento de mis datos personales, de conformidad con el Reglamento Europeo n. 679\/2016<\/a><\/span><\/label><\/span><\/span><\/span>\n  <\/div>\n  <div class=\"col-lg-12\">\n    <button type=\"submit\" class=\"knsl-btn\">Enviar mensaje<\/button>\n  <\/div>\n<\/div><div class=\"wpcf7-response-output\" aria-hidden=\"true\"><\/div>\n<\/form>\n<\/div>\n<\/div>\n\t\t\t\t\t\t<\/div>\n\t\t\t\t<\/div>\n\t\t\t\t<\/div>\n\t\t\t\t\t<\/div>\n\t\t\t\t<\/div>\n\t\t\t\t<\/div>\n\t\t<div class=\"elementor-element elementor-element-f43523c e-con-full e-flex e-con e-parent\" data-id=\"f43523c\" data-element_type=\"container\" data-e-type=\"container\">\n\t\t<div class=\"elementor-element elementor-element-e11bfba e-flex e-con-boxed e-con e-child\" data-id=\"e11bfba\" data-element_type=\"container\" data-e-type=\"container\" data-settings=\"{&quot;background_background&quot;:&quot;classic&quot;}\">\n\t\t\t\t\t<div class=\"e-con-inner\">\n\t\t<div class=\"elementor-element elementor-element-0c3abbb e-con-full e-flex e-con e-child\" data-id=\"0c3abbb\" data-element_type=\"container\" data-e-type=\"container\">\n\t\t\t\t<div class=\"elementor-element elementor-element-058ee3d elementor-widget elementor-widget-kinsley-section-heading-two\" data-id=\"058ee3d\" data-element_type=\"widget\" data-e-type=\"widget\" data-widget_type=\"kinsley-section-heading-two.default\">\n\t\t\t\t<div class=\"elementor-widget-container\">\n\t\t\t\t\t\n\t\t\t\t<div class=\"knsl-subtitle-two knsl-mb-20\">\n\t\t\t<span >\n\t\t\t\tHabitaciones\t\t\t<\/span>\n\t\t<\/div>\n\t\t\t\t\t\t<h2 class=\"knsl-title-two knsl-mb-30\">\n\t\t\t<span >\n\t\t\t\tDescubre el nuestro\n<br \/>\n<em><strong>habitaciones<\/strong><\/em>\t\t\t<\/span>\n\t\t<\/h2>\n\t\t\t\t\t\t<div class=\"knsl-description-two\">\n\t\t\t<div >\n\t\t\t\t<strong>Acogedoras habitaciones<\/strong>, equipadas con todo tipo de <strong>confort<\/strong> y los mejores servicios ofrecidos te esperan en el hotel, los hu\u00e9spedes podr\u00e1n disfrutar de <strong>una estancia confortable<\/strong> en el coraz\u00f3n de Roma y elegir entre <strong>una amplia gama de tipos de habitaciones<\/strong>.\t\t\t<\/div>\n\t\t<\/div>\n\t\t\n\t\t\t\t\t\t<\/div>\n\t\t\t\t<\/div>\n\t\t\t\t<div class=\"elementor-element elementor-element-3e66646 elementor-align-center elementor-widget elementor-widget-button\" data-id=\"3e66646\" data-element_type=\"widget\" data-e-type=\"widget\" data-widget_type=\"button.default\">\n\t\t\t\t<div class=\"elementor-widget-container\">\n\t\t\t\t\t\t\t\t\t<div class=\"elementor-button-wrapper\">\n\t\t\t\t\t<a class=\"elementor-button elementor-button-link elementor-size-md\" href=\"https:\/\/www.hotelgalileoroma.it\/es\/habitaciones\/\">\n\t\t\t\t\t\t<span class=\"elementor-button-content-wrapper\">\n\t\t\t\t\t\t\t\t\t<span class=\"elementor-button-text\">Descubre las habitaciones<\/span>\n\t\t\t\t\t<\/span>\n\t\t\t\t\t<\/a>\n\t\t\t\t<\/div>\n\t\t\t\t\t\t\t\t<\/div>\n\t\t\t\t<\/div>\n\t\t\t\t<\/div>\n\t\t\t\t\t<\/div>\n\t\t\t\t<\/div>\n\t\t\t\t<\/div>\n\t\t\t\t<\/div>\n\t\t","protected":false},"excerpt":{"rendered":"<p>CONTACTOS Donde estamos Estamos a su disposici\u00f3n para cualquier duda o petici\u00f3n. \u00a1Cont\u00e1ctanos y haz que tu estancia sea perfecta&#8230; <span class=\"knsl-el-more\"><a href=\"https:\/\/www.hotelgalileoroma.it\/es\/contactos\/\" class=\"knsl-btn\">Read more<span class=\"screen-reader-text\">Read more&nbsp;Contactos<\/span><\/a><\/span><\/p>\n","protected":false},"author":1,"featured_media":0,"parent":0,"menu_order":0,"comment_status":"closed","ping_status":"closed","template":"template-layout-builder.php","meta":{"_acf_changed":false,"footnotes":""},"class_list":["post-12705","page","type-page","status-publish","hentry"],"acf":[],"yoast_head":"<!-- This site is optimized with the Yoast SEO plugin v27.4 - https:\/\/yoast.com\/product\/yoast-seo-wordpress\/ -->\n<title>Hotel Roma Termini | Hotel cerca de la estaci\u00f3n Termini en Roma en el centro hist\u00f3rico<\/title>\n<meta name=\"description\" content=\"El Hotel Galileo est\u00e1 situado en el centro de Roma, cerca de la estaci\u00f3n Termini y de las calles comerciales. \u00a1Visita el sitio web oficial!\" \/>\n<meta name=\"robots\" content=\"index, follow, max-snippet:-1, max-image-preview:large, max-video-preview:-1\" \/>\n<link rel=\"canonical\" href=\"https:\/\/www.hotelgalileoroma.it\/es\/contactos\/\" \/>\n<meta property=\"og:locale\" content=\"es_ES\" \/>\n<meta property=\"og:type\" content=\"article\" \/>\n<meta property=\"og:title\" content=\"Hotel Roma Termini | Hotel cerca de la estaci\u00f3n Termini en Roma en el centro hist\u00f3rico\" \/>\n<meta property=\"og:description\" content=\"El Hotel Galileo est\u00e1 situado en el centro de Roma, cerca de la estaci\u00f3n Termini y de las calles comerciales. \u00a1Visita el sitio web oficial!\" \/>\n<meta property=\"og:url\" content=\"https:\/\/www.hotelgalileoroma.it\/es\/contactos\/\" \/>\n<meta property=\"og:site_name\" content=\"Hotel Galileo\" \/>\n<meta property=\"article:modified_time\" content=\"2025-02-11T11:20:23+00:00\" \/>\n<meta name=\"twitter:card\" content=\"summary_large_image\" \/>\n<meta name=\"twitter:label1\" content=\"Tiempo de lectura\" \/>\n\t<meta name=\"twitter:data1\" content=\"1 minuto\" \/>\n<script type=\"application\/ld+json\" class=\"yoast-schema-graph\">{\"@context\":\"https:\\\/\\\/schema.org\",\"@graph\":[{\"@type\":\"WebPage\",\"@id\":\"https:\\\/\\\/www.hotelgalileoroma.it\\\/es\\\/contactos\\\/\",\"url\":\"https:\\\/\\\/www.hotelgalileoroma.it\\\/es\\\/contactos\\\/\",\"name\":\"Hotel Roma Termini | Hotel cerca de la estaci\u00f3n Termini en Roma en el centro hist\u00f3rico\",\"isPartOf\":{\"@id\":\"https:\\\/\\\/www.hotelgalileoroma.it\\\/es\\\/#website\"},\"datePublished\":\"2024-11-06T11:47:38+00:00\",\"dateModified\":\"2025-02-11T11:20:23+00:00\",\"description\":\"El Hotel Galileo est\u00e1 situado en el centro de Roma, cerca de la estaci\u00f3n Termini y de las calles comerciales. \u00a1Visita el sitio web oficial!\",\"breadcrumb\":{\"@id\":\"https:\\\/\\\/www.hotelgalileoroma.it\\\/es\\\/contactos\\\/#breadcrumb\"},\"inLanguage\":\"es\",\"potentialAction\":[{\"@type\":\"ReadAction\",\"target\":[\"https:\\\/\\\/www.hotelgalileoroma.it\\\/es\\\/contactos\\\/\"]}]},{\"@type\":\"BreadcrumbList\",\"@id\":\"https:\\\/\\\/www.hotelgalileoroma.it\\\/es\\\/contactos\\\/#breadcrumb\",\"itemListElement\":[{\"@type\":\"ListItem\",\"position\":1,\"name\":\"Home\",\"item\":\"https:\\\/\\\/www.hotelgalileoroma.it\\\/es\\\/\"},{\"@type\":\"ListItem\",\"position\":2,\"name\":\"Contactos\"}]},{\"@type\":\"WebSite\",\"@id\":\"https:\\\/\\\/www.hotelgalileoroma.it\\\/es\\\/#website\",\"url\":\"https:\\\/\\\/www.hotelgalileoroma.it\\\/es\\\/\",\"name\":\"Hotel Galileo\",\"description\":\"\",\"potentialAction\":[{\"@type\":\"SearchAction\",\"target\":{\"@type\":\"EntryPoint\",\"urlTemplate\":\"https:\\\/\\\/www.hotelgalileoroma.it\\\/es\\\/?s={search_term_string}\"},\"query-input\":{\"@type\":\"PropertyValueSpecification\",\"valueRequired\":true,\"valueName\":\"search_term_string\"}}],\"inLanguage\":\"es\"}]}<\/script>\n<!-- \/ Yoast SEO plugin. -->","yoast_head_json":{"title":"Hotel Roma Termini | Hotel cerca de la estaci\u00f3n Termini en Roma en el centro hist\u00f3rico","description":"El Hotel Galileo est\u00e1 situado en el centro de Roma, cerca de la estaci\u00f3n Termini y de las calles comerciales. \u00a1Visita el sitio web oficial!","robots":{"index":"index","follow":"follow","max-snippet":"max-snippet:-1","max-image-preview":"max-image-preview:large","max-video-preview":"max-video-preview:-1"},"canonical":"https:\/\/www.hotelgalileoroma.it\/es\/contactos\/","og_locale":"es_ES","og_type":"article","og_title":"Hotel Roma Termini | Hotel cerca de la estaci\u00f3n Termini en Roma en el centro hist\u00f3rico","og_description":"El Hotel Galileo est\u00e1 situado en el centro de Roma, cerca de la estaci\u00f3n Termini y de las calles comerciales. \u00a1Visita el sitio web oficial!","og_url":"https:\/\/www.hotelgalileoroma.it\/es\/contactos\/","og_site_name":"Hotel Galileo","article_modified_time":"2025-02-11T11:20:23+00:00","twitter_card":"summary_large_image","twitter_misc":{"Tiempo de lectura":"1 minuto"},"schema":{"@context":"https:\/\/schema.org","@graph":[{"@type":"WebPage","@id":"https:\/\/www.hotelgalileoroma.it\/es\/contactos\/","url":"https:\/\/www.hotelgalileoroma.it\/es\/contactos\/","name":"Hotel Roma Termini | Hotel cerca de la estaci\u00f3n Termini en Roma en el centro hist\u00f3rico","isPartOf":{"@id":"https:\/\/www.hotelgalileoroma.it\/es\/#website"},"datePublished":"2024-11-06T11:47:38+00:00","dateModified":"2025-02-11T11:20:23+00:00","description":"El Hotel Galileo est\u00e1 situado en el centro de Roma, cerca de la estaci\u00f3n Termini y de las calles comerciales. \u00a1Visita el sitio web oficial!","breadcrumb":{"@id":"https:\/\/www.hotelgalileoroma.it\/es\/contactos\/#breadcrumb"},"inLanguage":"es","potentialAction":[{"@type":"ReadAction","target":["https:\/\/www.hotelgalileoroma.it\/es\/contactos\/"]}]},{"@type":"BreadcrumbList","@id":"https:\/\/www.hotelgalileoroma.it\/es\/contactos\/#breadcrumb","itemListElement":[{"@type":"ListItem","position":1,"name":"Home","item":"https:\/\/www.hotelgalileoroma.it\/es\/"},{"@type":"ListItem","position":2,"name":"Contactos"}]},{"@type":"WebSite","@id":"https:\/\/www.hotelgalileoroma.it\/es\/#website","url":"https:\/\/www.hotelgalileoroma.it\/es\/","name":"Hotel Galileo","description":"","potentialAction":[{"@type":"SearchAction","target":{"@type":"EntryPoint","urlTemplate":"https:\/\/www.hotelgalileoroma.it\/es\/?s={search_term_string}"},"query-input":{"@type":"PropertyValueSpecification","valueRequired":true,"valueName":"search_term_string"}}],"inLanguage":"es"}]}},"_links":{"self":[{"href":"https:\/\/www.hotelgalileoroma.it\/es\/wp-json\/wp\/v2\/pages\/12705","targetHints":{"allow":["GET"]}}],"collection":[{"href":"https:\/\/www.hotelgalileoroma.it\/es\/wp-json\/wp\/v2\/pages"}],"about":[{"href":"https:\/\/www.hotelgalileoroma.it\/es\/wp-json\/wp\/v2\/types\/page"}],"author":[{"embeddable":true,"href":"https:\/\/www.hotelgalileoroma.it\/es\/wp-json\/wp\/v2\/users\/1"}],"replies":[{"embeddable":true,"href":"https:\/\/www.hotelgalileoroma.it\/es\/wp-json\/wp\/v2\/comments?post=12705"}],"version-history":[{"count":7,"href":"https:\/\/www.hotelgalileoroma.it\/es\/wp-json\/wp\/v2\/pages\/12705\/revisions"}],"predecessor-version":[{"id":12764,"href":"https:\/\/www.hotelgalileoroma.it\/es\/wp-json\/wp\/v2\/pages\/12705\/revisions\/12764"}],"wp:attachment":[{"href":"https:\/\/www.hotelgalileoroma.it\/es\/wp-json\/wp\/v2\/media?parent=12705"}],"curies":[{"name":"wp","href":"https:\/\/api.w.org\/{rel}","templated":true}]}}